{"id":1316,"date":"2025-11-19T16:12:02","date_gmt":"2025-11-19T16:12:02","guid":{"rendered":"https:\/\/kharonbridge.com\/?page_id=1316"},"modified":"2025-11-19T16:14:21","modified_gmt":"2025-11-19T16:14:21","slug":"forms-invitation","status":"publish","type":"page","link":"https:\/\/kharonbridge.com\/en\/invitation-forms\/","title":{"rendered":"beta invitation"},"content":{"rendered":"\t\t<div data-elementor-type=\"wp-page\" data-elementor-id=\"1316\" class=\"elementor elementor-1316\">\n\t\t\t\t<div class=\"elementor-element elementor-element-55cd35f e-flex e-con-boxed e-con e-parent\" data-id=\"55cd35f\" data-element_type=\"container\" data-e-type=\"container\">\n\t\t\t\t\t<div class=\"e-con-inner\">\n\t\t\t\t<div class=\"elementor-element elementor-element-3c9457e elementor-widget elementor-widget-shortcode\" data-id=\"3c9457e\" data-element_type=\"widget\" data-e-type=\"widget\" data-widget_type=\"shortcode.default\">\n\t\t\t\t<div class=\"elementor-widget-container\">\n\t\t\t\t\t\t\t<div class=\"elementor-shortcode\"><div class='fluentform ff-default fluentform_wrapper_2 ffs_default_wrap'><form data-form_id=\"2\" id=\"fluentform_2\" class=\"frm-fluent-form fluent_form_2 ff-el-form-top ff_form_instance_2_1 ff-form-loading ff_has_v3_recptcha ffs_default\" data-form_instance=\"ff_form_instance_2_1\" method=\"POST\" data-recptcha_key=\"6LcgpmsrAAAAAH-Hq56jdtmhR1mrIjBMY6VB6Xv9\" ><fieldset  style=\"border: none!important;margin: 0!important;padding: 0!important;background-color: transparent!important;box-shadow: none!important;outline: none!important; min-inline-size: 100%;\">\n                    <legend class=\"ff_screen_reader_title\" style=\"display: block; margin: 0!important;padding: 0!important;height: 0!important;text-indent: -999999px;width: 0!important;overflow:hidden;\">KharonBridge<\/legend><input type='hidden' name='__fluent_form_embded_post_id' value='1316' \/><input type=\"hidden\" id=\"_fluentform_2_fluentformnonce\" name=\"_fluentform_2_fluentformnonce\" value=\"754688f767\" \/><input type=\"hidden\" name=\"_wp_http_referer\" value=\"\/en\/wp-json\/wp\/v2\/pages\/1316\" \/><div class='ff-el-group'><div class=\"ff-el-input--label ff-el-is-required asterisk-right\"><label for='ff_2_email' id='label_ff_2_email' aria-label=\"E-mail\">E-mail<\/label><\/div><div class='ff-el-input--content'><input type=\"email\" name=\"email\" id=\"ff_2_email\" class=\"ff-el-form-control\" placeholder=\"Votre adresse e-mail\" data-name=\"email\"  aria-invalid=\"false\" aria-required=true><\/div><\/div><div data-type=\"name-element\" data-name=\"names\" class=\" ff-field_container ff-name-field-wrapper\" ><div class='ff-t-container'><div class='ff-t-cell '><div class='ff-el-group ff-el-form-top'><div class=\"ff-el-input--label ff-el-is-required asterisk-right\"><label for='ff_2_names_first_name_' id='label_ff_2_names_first_name_' >Pr\u00e9nom<\/label><\/div><div class='ff-el-input--content'><input type=\"text\" name=\"names[first_name]\" id=\"ff_2_names_first_name_\" class=\"ff-el-form-control\" placeholder=\"Saisissez votre pr\u00e9nom\" aria-invalid=\"false\" aria-required=true><\/div><\/div><\/div><\/div><\/div><div class='ff-el-group'><div class=\"ff-el-input--label ff-el-is-required asterisk-right\"><label for='ff_2_country-list' id='label_ff_2_country-list' aria-label=\"Pays\">Pays<\/label><\/div><div class='ff-el-input--content'><select name=\"country-list\" id=\"ff_2_country-list\" class=\"ff-el-form-control\" placeholder=\"S\u00e9lectionner le pays\" data-name=\"country-list\" aria-invalid='false' aria-required=true><option value=''>S\u00e9lectionner le pays<\/option><option value='AF' >Afghanistan<\/option><option value='AX' >Aland Islands<\/option><option value='AL' >Albania<\/option><option value='DZ' >Algeria<\/option><option value='AS' >American Samoa<\/option><option value='AD' >Andorra<\/option><option value='AO' >Angola<\/option><option value='AI' >Anguilla<\/option><option value='AQ' >Antarctica<\/option><option value='AG' >Antigua and Barbuda<\/option><option value='AR' >Argentina<\/option><option value='AM' >Armenia<\/option><option value='AW' >Aruba<\/option><option value='AU' >Australia<\/option><option value='AT' >Austria<\/option><option value='AZ' >Azerbaijan<\/option><option value='BS' >Bahamas<\/option><option value='BH' >Bahrain<\/option><option value='BD' >Bangladesh<\/option><option value='BB' >Barbados<\/option><option value='BY' >Belarus<\/option><option value='BE' >Belgium<\/option><option value='BZ' >Belize<\/option><option value='BJ' >Benin<\/option><option value='BM' >Bermuda<\/option><option value='BT' >Bhutan<\/option><option value='BO' >Bolivia<\/option><option value='BQ' >Bonaire, Saint Eustatius and Saba<\/option><option value='BA' >Bosnia and Herzegovina<\/option><option value='BW' >Botswana<\/option><option value='BV' >Bouvet Island<\/option><option value='BR' >Brazil<\/option><option value='IO' >British Indian Ocean Territory<\/option><option value='VG' >British Virgin Islands<\/option><option value='BN' >Brunei<\/option><option value='BG' >Bulgaria<\/option><option value='BF' >Burkina Faso<\/option><option value='BI' >Burundi<\/option><option value='CV' >Cabo Verde<\/option><option value='KH' >Cambodia<\/option><option value='CM' >Cameroon<\/option><option value='CA' >Canada<\/option><option value='KY' >Cayman Islands<\/option><option value='CF' >Central African Republic<\/option><option value='TD' >Chad<\/option><option value='CL' >Chile<\/option><option value='CN' >China<\/option><option value='CX' >Christmas Island<\/option><option value='CC' >Cocos (Keeling) Islands<\/option><option value='CO' >Colombia<\/option><option value='KM' >Comoros<\/option><option value='CK' >Cook Islands<\/option><option value='CR' >Costa Rica<\/option><option value='HR' >Croatia<\/option><option value='CU' >Cuba<\/option><option value='CW' >Cura\u00e7ao<\/option><option value='CY' >Cyprus<\/option><option value='CZ' >Czech Republic<\/option><option value='CD' >Democratic Republic of the Congo (Kinshasa)<\/option><option value='DK' >Denmark<\/option><option value='DJ' >Djibouti<\/option><option value='DM' >Dominica<\/option><option value='DO' >Dominican Republic<\/option><option value='EC' >Ecuador<\/option><option value='EG' >Egypt<\/option><option value='SV' >El Salvador<\/option><option value='GQ' >Equatorial Guinea<\/option><option value='ER' >Eritrea<\/option><option value='EE' >Estonia<\/option><option value='SZ' >Eswatini<\/option><option value='ET' >Ethiopia<\/option><option value='FK' >Falkland Islands<\/option><option value='FO' >Faroe Islands<\/option><option value='FJ' >Fiji<\/option><option value='FI' >Finland<\/option><option value='FR' >France<\/option><option value='GF' >French Guiana<\/option><option value='PF' >French Polynesia<\/option><option value='TF' >French Southern Territories<\/option><option value='GA' >Gabon<\/option><option value='GM' >Gambia<\/option><option value='GE' >Georgia<\/option><option value='DE' >Germany<\/option><option value='GH' >Ghana<\/option><option value='GI' >Gibraltar<\/option><option value='GR' >Greece<\/option><option value='GL' >Greenland<\/option><option value='GD' >Grenada<\/option><option value='GP' >Guadeloupe<\/option><option value='GU' >Guam<\/option><option value='GT' >Guatemala<\/option><option value='GG' >Guernsey<\/option><option value='GN' >Guinea<\/option><option value='GW' >Guinea-Bissau<\/option><option value='GY' >Guyana<\/option><option value='HT' >Haiti<\/option><option value='HM' >Heard Island and McDonald Islands<\/option><option value='HN' >Honduras<\/option><option value='HK' >Hong Kong<\/option><option value='HU' >Hungary<\/option><option value='IS' >Iceland<\/option><option value='IN' >India<\/option><option value='ID' >Indonesia<\/option><option value='IR' >Iran<\/option><option value='IQ' >Iraq<\/option><option value='IE' >Ireland<\/option><option value='IM' >Isle of Man<\/option><option value='IL' >Israel<\/option><option value='IT' >Italy<\/option><option value='CI' >Ivory Coast<\/option><option value='JM' >Jamaica<\/option><option value='JP' >Japan<\/option><option value='JE' >Jersey<\/option><option value='JO' >Jordan<\/option><option value='KZ' >Kazakhstan<\/option><option value='KE' >Kenya<\/option><option value='KI' >Kiribati<\/option><option value='XK' >Kosovo<\/option><option value='KW' >Kuwait<\/option><option value='KG' >Kyrgyzstan<\/option><option value='LA' >Laos<\/option><option value='LV' >Latvia<\/option><option value='LB' >Lebanon<\/option><option value='LS' >Lesotho<\/option><option value='LR' >Liberia<\/option><option value='LY' >Libya<\/option><option value='LI' >Liechtenstein<\/option><option value='LT' >Lithuania<\/option><option value='LU' >Luxembourg<\/option><option value='MO' >Macao S.A.R., China<\/option><option value='MG' >Madagascar<\/option><option value='MW' >Malawi<\/option><option value='MY' >Malaysia<\/option><option value='MV' >Maldives<\/option><option value='ML' >Mali<\/option><option value='MT' >Malta<\/option><option value='MH' >Marshall Islands<\/option><option value='MQ' >Martinique<\/option><option value='MR' >Mauritania<\/option><option value='MU' >Mauritius<\/option><option value='YT' >Mayotte<\/option><option value='MX' >Mexico<\/option><option value='FM' >Micronesia<\/option><option value='MD' >Moldova<\/option><option value='MC' >Monaco<\/option><option value='MN' >Mongolia<\/option><option value='ME' >Montenegro<\/option><option value='MS' >Montserrat<\/option><option value='MA' >Morocco<\/option><option value='MZ' >Mozambique<\/option><option value='MM' >Myanmar<\/option><option value='NA' >Namibia<\/option><option value='NR' >Nauru<\/option><option value='NP' >Nepal<\/option><option value='NL' >Netherlands<\/option><option value='NC' >New Caledonia<\/option><option value='NZ' >New Zealand<\/option><option value='NI' >Nicaragua<\/option><option value='NE' >Niger<\/option><option value='NG' >Nigeria<\/option><option value='NU' >Niue<\/option><option value='NF' >Norfolk Island<\/option><option value='KP' >North Korea<\/option><option value='MK' >North Macedonia<\/option><option value='MP' >Northern Mariana Islands<\/option><option value='NO' >Norway<\/option><option value='OM' >Oman<\/option><option value='PK' >Pakistan<\/option><option value='PW' >Palau<\/option><option value='PS' >Palestinian Territory<\/option><option value='PA' >Panama<\/option><option value='PG' >Papua New Guinea<\/option><option value='PY' >Paraguay<\/option><option value='PE' >Peru<\/option><option value='PH' >Philippines<\/option><option value='PN' >Pitcairn<\/option><option value='PL' >Poland<\/option><option value='PT' >Portugal<\/option><option value='PR' >Puerto Rico<\/option><option value='QA' >Qatar<\/option><option value='CG' >Republic of the Congo (Brazzaville)<\/option><option value='RO' >Romania<\/option><option value='RU' >Russia<\/option><option value='RW' >Rwanda<\/option><option value='RE' >R\u00e9union<\/option><option value='BL' >Saint Barth\u00e9lemy<\/option><option value='SH' >Saint Helena<\/option><option value='KN' >Saint Kitts and Nevis<\/option><option value='LC' >Saint Lucia<\/option><option value='SX' >Saint Martin (Dutch part)<\/option><option value='MF' >Saint Martin (French part)<\/option><option value='PM' >Saint Pierre and Miquelon<\/option><option value='VC' >Saint Vincent and the Grenadines<\/option><option value='WS' >Samoa<\/option><option value='SM' >San Marino<\/option><option value='ST' >Sao Tome and Principe<\/option><option value='SA' >Saudi Arabia<\/option><option value='SN' >Senegal<\/option><option value='RS' >Serbia<\/option><option value='SC' >Seychelles<\/option><option value='SL' >Sierra Leone<\/option><option value='SG' >Singapore<\/option><option value='SK' >Slovakia<\/option><option value='SI' >Slovenia<\/option><option value='SB' >Solomon Islands<\/option><option value='SO' >Somalia<\/option><option value='ZA' >South Africa<\/option><option value='GS' >South Georgia\/Sandwich Islands<\/option><option value='KR' >South Korea<\/option><option value='SS' >South Sudan<\/option><option value='ES' >Spain<\/option><option value='LK' >Sri Lanka<\/option><option value='SD' >Sudan<\/option><option value='SR' >Suriname<\/option><option value='SJ' >Svalbard and Jan Mayen<\/option><option value='SE' >Sweden<\/option><option value='CH' >Switzerland<\/option><option value='SY' >Syria<\/option><option value='TW' >Taiwan<\/option><option value='TJ' >Tajikistan<\/option><option value='TZ' >Tanzania<\/option><option value='TH' >Thailand<\/option><option value='TL' >Timor-Leste<\/option><option value='TG' >Togo<\/option><option value='TK' >Tokelau<\/option><option value='TO' >Tonga<\/option><option value='TT' >Trinidad and Tobago<\/option><option value='TN' >Tunisia<\/option><option value='TM' >Turkmenistan<\/option><option value='TC' >Turks and Caicos Islands<\/option><option value='TV' >Tuvalu<\/option><option value='TR' >T\u00fcrkiye<\/option><option value='UG' >Uganda<\/option><option value='UA' >Ukraine<\/option><option value='AE' >United Arab Emirates<\/option><option value='GB' >United Kingdom (UK)<\/option><option value='US' >United States (US)<\/option><option value='UM' >United States (US) Minor Outlying Islands<\/option><option value='VI' >United States (US) Virgin Islands<\/option><option value='UY' >Uruguay<\/option><option value='UZ' >Uzbekistan<\/option><option value='VU' >Vanuatu<\/option><option value='VA' >Vatican<\/option><option value='VE' >Venezuela<\/option><option value='VN' >Vietnam<\/option><option value='WF' >Wallis and Futuna<\/option><option value='EH' >Western Sahara<\/option><option value='YE' >Yemen<\/option><option value='ZM' >Zambia<\/option><option value='ZW' >Zimbabwe<\/option><\/select><\/div><\/div><div data-name=\"ff_cn_id_1\"  class='ff-t-container ff-column-container ff_columns_total_3 '><div class='ff-t-cell ff-t-column-1' style='flex-basis: 33.33%;'><div class='ff-el-group    ff-el-input--content'><div class='ff-el-form-check ff-el-tc'><label aria-label='Je consens \u00e0 ce que ce site stocke les informations que j\u2019ai envoy\u00e9es afin de pouvoir r\u00e9pondre \u00e0 ma demande.' class='ff-el-form-check-label ff_tc_label' for=gdpr-agreement_4d6dba8aa12e6a0c2cf3f607de73f910><span class='ff_tc_checkbox'><input type=\"checkbox\" name=\"gdpr-agreement\" class=\"ff-el-form-check-input ff_gdpr_field\" data-name=\"gdpr-agreement\" id=\"gdpr-agreement_4d6dba8aa12e6a0c2cf3f607de73f910\"  value='on' aria-invalid='false' aria-required=true><\/span> <div class='ff_t_c'>Je consens \u00e0 ce que ce site stocke les informations que j\u2019ai envoy\u00e9es afin de pouvoir r\u00e9pondre \u00e0 ma demande.<\/div><\/label><\/div><\/div><\/div><div class='ff-t-cell ff-t-column-2' style='flex-basis: 33.33%;'><div class='ff-el-group    ff-el-input--content'><div class='ff-el-form-check ff-el-tc'><label aria-label='Terms and Conditions: I have read and agree to the Terms and Conditions and Privacy Policy Contains 1 link. Use tab navigation to review.' class='ff-el-form-check-label ff_tc_label' for=terms-n-condition_9a58fb4fa4fba8a7b0da90a3719dca3a><span class='ff_tc_checkbox'><input type=\"checkbox\" name=\"terms-n-condition\" class=\"ff-el-form-check-input\" data-name=\"terms-n-condition\" id=\"terms-n-condition_9a58fb4fa4fba8a7b0da90a3719dca3a\"  value='on' aria-invalid='false' aria-required=false><\/span> <div class='ff_t_c'><p>I have read and agree to the Terms and Conditions and <a href=\"https:\/\/kharonbridge.com\/confidentialite-des-donnees\/\" target=\"_blank\" rel=\"noopener\">Privacy Policy<\/a><\/p><\/div><\/label><\/div><\/div><\/div><div class='ff-t-cell ff-t-column-3' style='flex-basis: 33.33%;'><\/div><\/div><div class='ff-el-group ff-text-center ff_submit_btn_wrapper ff_submit_btn_wrapper_custom'><button class=\"ff-btn ff-btn-submit ff-btn-md ff_btn_style wpf_has_custom_css\" type=\"submit\" name=\"custom_submit_button-2_1\" data-name=\"custom_submit_button-2_1\"  aria-label=\"Rejoindre la liste d&#039;attente\">Rejoindre la liste d'attente <\/button><style>form.fluent_form_2 .wpf_has_custom_css.ff-btn-submit { background-color:rgba(44, 62, 80, 1);border-color:#1a7efb;color:#ffffff;min-width:100%; }form.fluent_form_2 .wpf_has_custom_css.ff-btn-submit:hover { background-color:#ffffff;border-color:#1a7efb;color:#1a7efb;min-width:100%; } <\/style><\/div><\/fieldset><\/form><div id='fluentform_2_errors' class='ff-errors-in-stack ff_form_instance_2_1 ff-form-loading_errors ff_form_instance_2_1_errors'><\/div><\/div>            <script type=\"text\/javascript\">\n                window.fluent_form_ff_form_instance_2_1 = {\"id\":\"2\",\"settings\":{\"layout\":{\"labelPlacement\":\"top\",\"helpMessagePlacement\":\"with_label\",\"errorMessagePlacement\":\"inline\",\"asteriskPlacement\":\"asterisk-right\"},\"restrictions\":{\"denyEmptySubmission\":{\"enabled\":false}}},\"form_instance\":\"ff_form_instance_2_1\",\"form_id_selector\":\"fluentform_2\",\"rules\":{\"email\":{\"required\":{\"value\":true,\"message\":\"Ce champ est obligatoire\",\"global\":false,\"global_message\":\"Ce champ est obligatoire\"},\"email\":{\"value\":true,\"message\":\"Ce champ doit contenir un e-mail valide\",\"global\":false,\"global_message\":\"Ce champ doit contenir un e-mail valide\"}},\"names[first_name]\":{\"required\":{\"value\":true,\"message\":\"Ce champ est obligatoire\",\"global_message\":\"Ce champ est obligatoire\",\"global\":true}},\"names[middle_name]\":{\"required\":{\"value\":false,\"message\":\"Ce champ est obligatoire\",\"global_message\":\"Ce champ est obligatoire\",\"global\":true}},\"names[last_name]\":{\"required\":{\"value\":false,\"message\":\"Ce champ est obligatoire\",\"global_message\":\"Ce champ est obligatoire\",\"global\":true}},\"country-list\":{\"required\":{\"value\":true,\"message\":\"Ce champ est obligatoire\",\"global_message\":\"Ce champ est obligatoire\",\"global\":true}},\"gdpr-agreement\":{\"required\":{\"value\":true,\"message\":\"Ce champ est obligatoire\",\"global_message\":\"Ce champ est obligatoire\",\"global\":true}},\"terms-n-condition\":{\"required\":{\"value\":false,\"message\":\"Ce champ est obligatoire\",\"global_message\":\"Ce champ est obligatoire\",\"global\":true}},\"g-recaptcha-response\":[]},\"debounce_time\":300};\n                            <\/script>\n            <\/div>\n\t\t\t\t\t\t<\/div>\n\t\t\t\t<\/div>\n\t\t\t\t\t<\/div>\n\t\t\t\t<\/div>\n\t\t\t\t<\/div>\n\t\t","protected":false},"excerpt":{"rendered":"","protected":false},"author":1,"featured_media":0,"parent":0,"menu_order":0,"comment_status":"closed","ping_status":"closed","template":"","meta":{"_acf_changed":false,"footnotes":""},"class_list":["post-1316","page","type-page","status-publish","hentry"],"acf":[],"jetpack_sharing_enabled":true,"_links":{"self":[{"href":"https:\/\/kharonbridge.com\/en\/wp-json\/wp\/v2\/pages\/1316","targetHints":{"allow":["GET"]}}],"collection":[{"href":"https:\/\/kharonbridge.com\/en\/wp-json\/wp\/v2\/pages"}],"about":[{"href":"https:\/\/kharonbridge.com\/en\/wp-json\/wp\/v2\/types\/page"}],"author":[{"embeddable":true,"href":"https:\/\/kharonbridge.com\/en\/wp-json\/wp\/v2\/users\/1"}],"replies":[{"embeddable":true,"href":"https:\/\/kharonbridge.com\/en\/wp-json\/wp\/v2\/comments?post=1316"}],"version-history":[{"count":5,"href":"https:\/\/kharonbridge.com\/en\/wp-json\/wp\/v2\/pages\/1316\/revisions"}],"predecessor-version":[{"id":1322,"href":"https:\/\/kharonbridge.com\/en\/wp-json\/wp\/v2\/pages\/1316\/revisions\/1322"}],"wp:attachment":[{"href":"https:\/\/kharonbridge.com\/en\/wp-json\/wp\/v2\/media?parent=1316"}],"curies":[{"name":"wp","href":"https:\/\/api.w.org\/{rel}","templated":true}]}}